{"id":285,"date":"2024-04-02T11:48:49","date_gmt":"2024-04-02T11:48:49","guid":{"rendered":"https:\/\/drmaskot.com\/?page_id=285"},"modified":"2024-12-04T09:44:58","modified_gmt":"2024-12-04T09:44:58","slug":"terminos-y-condiciones","status":"publish","type":"page","link":"https:\/\/drmaskot.com\/es\/terminos-y-condiciones\/","title":{"rendered":"T\u00e9rminos y condiciones"},"content":{"rendered":"<p>Nota legal<br \/>\nActualitzat:  nov 24<\/p>\n<p>En compliment amb el deure d&#8217;informaci\u00f3 recollit a l&#8217;article 10 de la Llei 34\/2002, d&#8217;11 de Juliol, de Serveis de la Informaci\u00f3 i del Comer\u00e7 Electr\u00f2nic, l&#8217;informem que el lloc web https:\/\/drmaskot.com\/ (en endavant, el lloc \u00abWeb\u00bb) \u00e9s titularitat de DR MASKOT PET CARE, S.L. (en endavant DR MASKOT), amb domicili social al Zona industrial Camp del Bosc, 2 &#8211; 17771 -Santa Llogaia d&#8217;Alguema (Girona), amb CIF: B13670773.<br \/>\nInscrita al Registre Mercantil de Girona: T 3434, F 223, S 8, H GI72433, I\/A 2.<\/p>\n<p>Comunicacions<\/p>\n<p>Tel\u00e8fon:\t+34 872 047 640<\/p>\n<p>e-mail:\t\tadmin@drmaskot.com<\/p>\n<p>El present av\u00eds legal regula les condicions d&#8217;\u00fas del citat portal d&#8217;Internet.<\/p>\n<p>Llei aplicable i jurisdicci\u00f3<\/p>\n<p>Amb car\u00e0cter general les relacions entre DR MASKOT i els usuaris dels serveis telem\u00e0tics, presents a la Web, es troben sotmeses a la legislaci\u00f3 i jurisdicci\u00f3 espanyoles.<\/p>\n<p>Les parts renuncien expressament al fur que els pugui correspondre i sotmeten expressament als Jutjats i Tribunals de Figueres (Girona) per resoldre qualsevol controv\u00e8rsia que pugui sorgir en la interpretaci\u00f3 o execuci\u00f3 de les presents condicions contractuals.<\/p>\n<p> Acceptaci\u00f3 de l&#8217;usuari<\/p>\n<p>Aquest Av\u00eds Legal regula l&#8217;acc\u00e9s i utilitzaci\u00f3 del lloc web que DR MASKOT posa a la disposici\u00f3 dels usuaris d&#8217;Internet. Es considera usuari a la persona que accedeixi, navegui, utilitzi o participi en els serveis i activitats del lloc web.<\/p>\n<p>L&#8217;usuari queda informat, i accepta, que l&#8217;acc\u00e9s al present lloc web no suposa, de cap manera, l&#8217;inici d&#8217;una relaci\u00f3 comercial amb DR MASKOT.<\/p>\n<p>L&#8217;acc\u00e9s i navegaci\u00f3 pel lloc web per part de l&#8217;usuari suposa l&#8217;acceptaci\u00f3 de la totalitat de les presents Condicions d&#8217;\u00das. En cas de desacord amb les condicions ha d&#8217;abstenir-se d\u2019usar el lloc web.<\/p>\n<p>Acc\u00e9s al lloc web<\/p>\n<p>L&#8217;acc\u00e9s al lloc web per part dels usuaris \u00e9s de car\u00e0cter lliure i gratu\u00eft. Alguns serveis poden trobar-se subjectes a contractaci\u00f3 pr\u00e8via del servei.<\/p>\n<p>En cas de ser necessari que l&#8217;usuari aporti dades personals per accedir a algun dels serveis, la recollida i el tractament de les dades es realitzar\u00e0 de conformitat amb la normativa vigent, en concret amb el RGPD. Per m\u00e9s informaci\u00f3, consulti la nostra pol\u00edtica de privacitat https:\/\/drmaskot.com\/politica-de-privacitat\/ <\/p>\n<p>Contingut i \u00fas<\/p>\n<p>La visita al lloc web per part de l&#8217;usuari s\u2019haur\u00e0 de fer de forma responsable i de conformitat a la legalitat vigent, la bona fe, el present Av\u00eds Legal i respectant els drets de propietat intel\u00b7lectual i industrial de titularitat de DR MASKOT o qualsevol altres persones f\u00edsiques o jur\u00eddiques.<\/p>\n<p>L&#8217;\u00fas de qualsevol dels continguts del lloc web amb finalitats que siguin o poguessin ser il\u00b7l\u00edcites queda totalment prohibit, aix\u00ed com la realitzaci\u00f3 de qualsevol acci\u00f3 que causi o pugui causar danys o alteracions de qualsevol mena no consentides per DR MASKOT, al lloc web o als seus continguts.<\/p>\n<p>El titular del lloc web no s&#8217;identifica amb les opinions abocades en el mateix pels seus col\u00b7laboradors. L&#8217;empresa es reserva el dret a efectuar sense previ av\u00eds les modificacions que consideri oportunes en la seva Web, podent canviar, suprimir o afegir tant els continguts i serveis que es presten a trav\u00e9s de la mateixa com la forma en la qual aquests apareguin presentats o localitzats en els seus servidors.<\/p>\n<p>Queda estrictament prohibit l&#8217;\u00fas de qualsevol dels continguts del lloc web amb fins il\u00b7l\u00edcits, aix\u00ed com realitzar qualsevol actuaci\u00f3 que causi o pugui ocasionar danys o alteracions de qualsevol tipus no consentit per DR MASKOT, el lloc web o els seus continguts. <\/p>\n<p>Propietat intel\u00b7lectual i industrial<\/p>\n<p>Els drets de propietat intel\u00b7lectual del contingut de les p\u00e0gines del lloc web, el seu disseny gr\u00e0fic i codis s\u00f3n titularitat de DR MASKOT i, per tant, queda prohibida la seva reproducci\u00f3, distribuci\u00f3, comunicaci\u00f3 p\u00fablica, transformaci\u00f3 o qualsevol altra activitat que es realitzi amb els continguts del lloc web, encara que es citin les fonts, excepte que es compti amb el consentiment previ, expr\u00e9s i per escrit de DR MASKOT. Tots els noms comercials, marques o signes distintius de qualsevol classe i continguts en les p\u00e0gines web de l&#8217;empresa s\u00f3n propietat dels seus propietaris i estan protegits per llei.<\/p>\n<p>DR MASKOT no concedeix cap llic\u00e8ncia o autoritzaci\u00f3 d&#8217;\u00fas de cap classe sobre els seus drets de propietat intel\u00b7lectual i industrial o sobre qualsevol altra propietat o dret relacionat amb el lloc web, i en cap cas s&#8217;entendr\u00e0 que l&#8217;acc\u00e9s i navegaci\u00f3 dels usuaris implica una ren\u00fancia, transmissi\u00f3, llic\u00e8ncia o cessi\u00f3 total ni parcial d&#8217;aquests drets per part de DR MASKOT.<\/p>\n<p>Qualsevol \u00fas d&#8217;aquests continguts no autoritzats pr\u00e8viament per part de DR MASKOT ser\u00e0 considerat un incompliment greu dels drets de propietat intel\u00b7lectual o industrial i donar\u00e0 lloc a les responsabilitats legalment establertes. DR MASKOT es reserva el dret d&#8217;exercitar enfront l&#8217;usuari les accions judicials i extrajudicials que corresponguin.<\/p>\n<p>Responsabilitat i garanties<\/p>\n<p>DR MASKOT declara que ha adoptat les mesures necess\u00e0ries que, dins de les seves possibilitats i l&#8217;estat de la tecnologia, permeten el correcte funcionament del seu lloc web aix\u00ed com l&#8217;abs\u00e8ncia de virus i components nocius. No obstant aix\u00f2, DR MASKOT no es pot fer responsable de les seg\u00fcents situacions que s&#8217;enumeren a t\u00edtol enunciatiu, per\u00f2 no limitatiu:<\/p>\n<p>\u2022\tLa continu\u00eftat i disponibilitat dels Continguts.<br \/>\n\u2022\tL&#8217;abs\u00e8ncia d&#8217;errors en els Continguts ni la correcci\u00f3 de qualsevol defecte que pogu\u00e9s oc\u00f3rrer.<br \/>\n\u2022\tL&#8217;abs\u00e8ncia de virus i\/o altres components nocius.<br \/>\n\u2022\tEls danys o perjudicis que causi qualsevol persona que vulneri els sistemes de seguretat de DR MASKOT.<br \/>\n\u2022\tL&#8217;\u00fas que els usuaris puguin fer dels continguts inclosos en el web. En conseq\u00fc\u00e8ncia, DR MASKOT no garanteix que l&#8217;\u00fas que els usuaris puguin fer dels continguts que en el seu cas s&#8217;incloguin en el lloc web s&#8217;ajustin al present av\u00eds legal ni que l&#8217;\u00fas del lloc web es realitzi de forma diligent.<br \/>\n\u2022\tL&#8217;\u00fas per menors d&#8217;edat del lloc web o de l&#8217;enviament de les seves dades personals sense el perm\u00eds dels seus tutors, sent els tutors responsables de l&#8217;\u00fas que facin d&#8217;Internet. Els continguts als quals l&#8217;usuari pugui accedir a trav\u00e9s d&#8217;enlla\u00e7os no autoritzats o introdu\u00efts per usuaris mitjan\u00e7ant comentaris o eines similars.<br \/>\n\u2022\tLa introducci\u00f3 de dades err\u00f2nies per part de l&#8217;usuari o d&#8217;un tercer.<\/p>\n<p>DR MASKOT podr\u00e0 suspendre temporalment i sense previ av\u00eds, l&#8217;accessibilitat al lloc web amb motiu d&#8217;operacions de manteniment, reparaci\u00f3, actualitzaci\u00f3 o millora. No obstant aix\u00f2, sempre que les circumst\u00e0ncies ho permetin, DR MASKOT comunicar\u00e0 a l&#8217;usuari, amb antelaci\u00f3 suficient, la data prevista per la suspensi\u00f3 dels continguts.<\/p>\n<p>Igualment, de conformitat amb els arts. 11 i 16 de la Llei 34\/2002, d&#8217;11 de juliol, de serveis de la societat de la informaci\u00f3 i de comer\u00e7 electr\u00f2nic, DR MASKOT es compromet a l&#8217;eliminaci\u00f3 o, en el seu cas, el bloqueig dels continguts que poguessin afectar o ser contraris a la legislaci\u00f3 vigent, els drets de tercers o la moral i ordre p\u00fablic.<\/p>\n<p>Cookies<\/p>\n<p>DR MASKOT utilitza cookies, a l&#8217;efecte d&#8217;optimitzar i personalitzar la seva navegaci\u00f3 pel lloc web. Les cookies s\u00f3n fitxers f\u00edsics d&#8217;informaci\u00f3 que s&#8217;allotgen en el mateix terminal de l&#8217;usuari, la informaci\u00f3 recollida mitjan\u00e7ant les cookies serveix per facilitar la navegaci\u00f3 de l&#8217;usuari pel portal i optimitzar l&#8217;experi\u00e8ncia de navegaci\u00f3. Les dades recopilades mitjan\u00e7ant les cookies poden ser compartides amb els creadors d&#8217;aquestes, per\u00f2 en cap cas la informaci\u00f3 obtinguda per les mateixes ser\u00e0 associada a dades personals ni a dades que poden identificar a l&#8217;usuari.<\/p>\n<p>No obstant aix\u00f2, si l&#8217;usuari no desitja que s&#8217;instal\u00b7lin cookies en el seu disc dur, t\u00e9 la possibilitat de configurar el navegador de tal manera que impedeixi la instal\u00b7laci\u00f3 d&#8217;aquests arxius. Per obtenir m\u00e9s informaci\u00f3 consulti la nostra Pol\u00edtica de Cookies https:\/\/drmaskot.com\/politica-de-cookies\/  <\/p>\n<p>Enlla\u00e7os (links)<\/p>\n<p>La pres\u00e8ncia d&#8217;enlla\u00e7os (links) al lloc web DR MASKOT cap a altres llocs d&#8217;Internet t\u00e9 finalitat merament informativa i en cap cas suposen suggeriment, invitaci\u00f3 o recomanaci\u00f3 sobre aquests. DR MASKOT no assumir\u00e0 responsabilitat pels continguts d&#8217;un enlla\u00e7 pertanyent a un lloc web ali\u00e8, ni garantir\u00e0 la fiabilitat, exactitud, amplitud, veracitat, validesa i disponibilitat t\u00e8cnica.<\/p>\n<p>En el cas que a altres llocs webs s&#8217;estableixin enlla\u00e7os al lloc web de DR MASKOT, no s&#8217;entendr\u00e0 que DR MASKOT, ha autoritzat l&#8217;enlla\u00e7 o el contingut del lloc web en el que es cont\u00e9 l&#8217;enlla\u00e7, tampoc es podr\u00e0 incloure al lloc de l&#8217;enlla\u00e7 continguts inapropiats, difamatoris, il\u00b7legals, obscens o il\u00b7l\u00edcits, ni altres continguts que siguin contraris a la legalitat vigent.<\/p>\n<p>DR MASKOT es reserva la possibilitat de contactar amb el propietari del lloc web en el qual s&#8217;estableixi l&#8217;enlla\u00e7 si considera que s&#8217;incompleix la normativa, aix\u00ed com d&#8217;exercitar les corresponents accions judicials i extrajudicials.<\/p>\n<p>Modificaci\u00f3 de les condicions<\/p>\n<p>DR MASKOT es reserva expressament el dret a modificar unilateralment, total o parcialment, sense necessitat de previ av\u00eds, el present Av\u00eds Legal. L&#8217;usuari reconeix i accepta que \u00e9s responsabilitat seva revisar-lo peri\u00f2dicament. <\/p>\n","protected":false},"excerpt":{"rendered":"<p>Nota legal Actualitzat: nov 24 En compliment amb el deure d&#8217;informaci\u00f3 recollit a l&#8217;article 10 de la Llei 34\/2002, d&#8217;11 de Juliol, de Serveis de la Informaci\u00f3 i del Comer\u00e7 Electr\u00f2nic, l&#8217;informem que el lloc web https:\/\/drmaskot.com\/ (en endavant, el lloc \u00abWeb\u00bb) \u00e9s titularitat de DR MASKOT PET CARE, S.L. (en endavant DR MASKOT), amb&#8230;<\/p>\n","protected":false},"author":1,"featured_media":0,"parent":0,"menu_order":0,"comment_status":"closed","ping_status":"closed","template":"","meta":{"_joinchat":[],"footnotes":""},"class_list":["post-285","page","type-page","status-publish","hentry"],"yoast_head":"<!-- This site is optimized with the Yoast SEO plugin v27.6 - https:\/\/yoast.com\/product\/yoast-seo-wordpress\/ -->\n<title>T\u00e9rminos y condiciones - Dr. Maskot<\/title>\n<meta name=\"robots\" content=\"index, follow, max-snippet:-1, max-image-preview:large, max-video-preview:-1\" \/>\n<link rel=\"canonical\" href=\"https:\/\/drmaskot.com\/es\/terminos-y-condiciones\/\" \/>\n<meta property=\"og:locale\" content=\"es_ES\" \/>\n<meta property=\"og:type\" content=\"article\" \/>\n<meta property=\"og:title\" content=\"T\u00e9rminos y condiciones - Dr. Maskot\" \/>\n<meta property=\"og:description\" content=\"Nota legal Actualitzat: nov 24 En compliment amb el deure d&#8217;informaci\u00f3 recollit a l&#8217;article 10 de la Llei 34\/2002, d&#8217;11 de Juliol, de Serveis de la Informaci\u00f3 i del Comer\u00e7 Electr\u00f2nic, l&#8217;informem que el lloc web https:\/\/drmaskot.com\/ (en endavant, el lloc \u00abWeb\u00bb) \u00e9s titularitat de DR MASKOT PET CARE, S.L. (en endavant DR MASKOT), amb...\" \/>\n<meta property=\"og:url\" content=\"https:\/\/drmaskot.com\/es\/terminos-y-condiciones\/\" \/>\n<meta property=\"og:site_name\" content=\"Dr. Maskot\" \/>\n<meta property=\"article:modified_time\" content=\"2024-12-04T09:44:58+00:00\" \/>\n<meta name=\"twitter:card\" content=\"summary_large_image\" \/>\n<meta name=\"twitter:label1\" content=\"Tiempo de lectura\" \/>\n\t<meta name=\"twitter:data1\" content=\"8 minutos\" \/>\n<script type=\"application\/ld+json\" class=\"yoast-schema-graph\">{\"@context\":\"https:\\\/\\\/schema.org\",\"@graph\":[{\"@type\":\"WebPage\",\"@id\":\"https:\\\/\\\/drmaskot.com\\\/es\\\/terminos-y-condiciones\\\/\",\"url\":\"https:\\\/\\\/drmaskot.com\\\/es\\\/terminos-y-condiciones\\\/\",\"name\":\"T\u00e9rminos y condiciones - Dr. Maskot\",\"isPartOf\":{\"@id\":\"https:\\\/\\\/drmaskot.com\\\/es\\\/#website\"},\"datePublished\":\"2024-04-02T11:48:49+00:00\",\"dateModified\":\"2024-12-04T09:44:58+00:00\",\"breadcrumb\":{\"@id\":\"https:\\\/\\\/drmaskot.com\\\/es\\\/terminos-y-condiciones\\\/#breadcrumb\"},\"inLanguage\":\"es\",\"potentialAction\":[{\"@type\":\"ReadAction\",\"target\":[\"https:\\\/\\\/drmaskot.com\\\/es\\\/terminos-y-condiciones\\\/\"]}]},{\"@type\":\"BreadcrumbList\",\"@id\":\"https:\\\/\\\/drmaskot.com\\\/es\\\/terminos-y-condiciones\\\/#breadcrumb\",\"itemListElement\":[{\"@type\":\"ListItem\",\"position\":1,\"name\":\"Inici\",\"item\":\"https:\\\/\\\/drmaskot.com\\\/es\\\/\"},{\"@type\":\"ListItem\",\"position\":2,\"name\":\"T\u00e9rminos y condiciones\"}]},{\"@type\":\"WebSite\",\"@id\":\"https:\\\/\\\/drmaskot.com\\\/es\\\/#website\",\"url\":\"https:\\\/\\\/drmaskot.com\\\/es\\\/\",\"name\":\"Dr. Maskot\",\"description\":\"\",\"potentialAction\":[{\"@type\":\"SearchAction\",\"target\":{\"@type\":\"EntryPoint\",\"urlTemplate\":\"https:\\\/\\\/drmaskot.com\\\/es\\\/?s={search_term_string}\"},\"query-input\":{\"@type\":\"PropertyValueSpecification\",\"valueRequired\":true,\"valueName\":\"search_term_string\"}}],\"inLanguage\":\"es\"}]}<\/script>\n<!-- \/ Yoast SEO plugin. -->","yoast_head_json":{"title":"T\u00e9rminos y condiciones - Dr. Maskot","robots":{"index":"index","follow":"follow","max-snippet":"max-snippet:-1","max-image-preview":"max-image-preview:large","max-video-preview":"max-video-preview:-1"},"canonical":"https:\/\/drmaskot.com\/es\/terminos-y-condiciones\/","og_locale":"es_ES","og_type":"article","og_title":"T\u00e9rminos y condiciones - Dr. Maskot","og_description":"Nota legal Actualitzat: nov 24 En compliment amb el deure d&#8217;informaci\u00f3 recollit a l&#8217;article 10 de la Llei 34\/2002, d&#8217;11 de Juliol, de Serveis de la Informaci\u00f3 i del Comer\u00e7 Electr\u00f2nic, l&#8217;informem que el lloc web https:\/\/drmaskot.com\/ (en endavant, el lloc \u00abWeb\u00bb) \u00e9s titularitat de DR MASKOT PET CARE, S.L. (en endavant DR MASKOT), amb...","og_url":"https:\/\/drmaskot.com\/es\/terminos-y-condiciones\/","og_site_name":"Dr. Maskot","article_modified_time":"2024-12-04T09:44:58+00:00","twitter_card":"summary_large_image","twitter_misc":{"Tiempo de lectura":"8 minutos"},"schema":{"@context":"https:\/\/schema.org","@graph":[{"@type":"WebPage","@id":"https:\/\/drmaskot.com\/es\/terminos-y-condiciones\/","url":"https:\/\/drmaskot.com\/es\/terminos-y-condiciones\/","name":"T\u00e9rminos y condiciones - Dr. Maskot","isPartOf":{"@id":"https:\/\/drmaskot.com\/es\/#website"},"datePublished":"2024-04-02T11:48:49+00:00","dateModified":"2024-12-04T09:44:58+00:00","breadcrumb":{"@id":"https:\/\/drmaskot.com\/es\/terminos-y-condiciones\/#breadcrumb"},"inLanguage":"es","potentialAction":[{"@type":"ReadAction","target":["https:\/\/drmaskot.com\/es\/terminos-y-condiciones\/"]}]},{"@type":"BreadcrumbList","@id":"https:\/\/drmaskot.com\/es\/terminos-y-condiciones\/#breadcrumb","itemListElement":[{"@type":"ListItem","position":1,"name":"Inici","item":"https:\/\/drmaskot.com\/es\/"},{"@type":"ListItem","position":2,"name":"T\u00e9rminos y condiciones"}]},{"@type":"WebSite","@id":"https:\/\/drmaskot.com\/es\/#website","url":"https:\/\/drmaskot.com\/es\/","name":"Dr. Maskot","description":"","potentialAction":[{"@type":"SearchAction","target":{"@type":"EntryPoint","urlTemplate":"https:\/\/drmaskot.com\/es\/?s={search_term_string}"},"query-input":{"@type":"PropertyValueSpecification","valueRequired":true,"valueName":"search_term_string"}}],"inLanguage":"es"}]}},"_links":{"self":[{"href":"https:\/\/drmaskot.com\/es\/wp-json\/wp\/v2\/pages\/285","targetHints":{"allow":["GET"]}}],"collection":[{"href":"https:\/\/drmaskot.com\/es\/wp-json\/wp\/v2\/pages"}],"about":[{"href":"https:\/\/drmaskot.com\/es\/wp-json\/wp\/v2\/types\/page"}],"author":[{"embeddable":true,"href":"https:\/\/drmaskot.com\/es\/wp-json\/wp\/v2\/users\/1"}],"replies":[{"embeddable":true,"href":"https:\/\/drmaskot.com\/es\/wp-json\/wp\/v2\/comments?post=285"}],"version-history":[{"count":2,"href":"https:\/\/drmaskot.com\/es\/wp-json\/wp\/v2\/pages\/285\/revisions"}],"predecessor-version":[{"id":1251,"href":"https:\/\/drmaskot.com\/es\/wp-json\/wp\/v2\/pages\/285\/revisions\/1251"}],"wp:attachment":[{"href":"https:\/\/drmaskot.com\/es\/wp-json\/wp\/v2\/media?parent=285"}],"curies":[{"name":"wp","href":"https:\/\/api.w.org\/{rel}","templated":true}]}}